{"id":23447,"date":"2022-01-16T19:01:49","date_gmt":"2022-01-17T00:01:49","guid":{"rendered":"https:\/\/machiavel.com\/born-for-a-big-loaf\/"},"modified":"2022-01-16T19:01:49","modified_gmt":"2022-01-17T00:01:49","slug":"born-for-a-big-loaf","status":"publish","type":"page","link":"https:\/\/machiavel.com\/en\/born-for-a-big-loaf\/","title":{"rendered":"Born for a Big Loaf"},"content":{"rendered":"\t\t<div data-elementor-type=\"wp-page\" data-elementor-id=\"23447\" class=\"elementor elementor-23447 elementor-17021\" data-elementor-post-type=\"page\">\n\t\t\t\t\t\t<section class=\"elementor-section elementor-top-section elementor-element elementor-element-d6af32e elementor-section-boxed elementor-section-height-default elementor-section-height-default\" data-id=\"d6af32e\" data-element_type=\"section\" data-e-type=\"section\">\n\t\t\t\t\t\t<div class=\"elementor-container elementor-column-gap-default\">\n\t\t\t\t\t<div class=\"aux-parallax-section elementor-column elementor-col-100 elementor-top-column elementor-element elementor-element-153148b\" data-id=\"153148b\" data-element_type=\"column\" data-e-type=\"column\">\n\t\t\t<div class=\"elementor-widget-wrap\">\n\t\t\t\t\t\t\t<\/div>\n\t\t<\/div>\n\t\t\t\t\t<\/div>\n\t\t<\/section>\n\t\t\t\t<section class=\"elementor-section elementor-top-section elementor-element elementor-element-eb56020 elementor-section-boxed elementor-section-height-default elementor-section-height-default\" data-id=\"eb56020\" data-element_type=\"section\" data-e-type=\"section\">\n\t\t\t\t\t\t<div class=\"elementor-container elementor-column-gap-default\">\n\t\t\t\t\t<div class=\"aux-parallax-section elementor-column elementor-col-66 elementor-top-column elementor-element elementor-element-3b5ce8a\" data-id=\"3b5ce8a\" data-element_type=\"column\" data-e-type=\"column\">\n\t\t\t<div class=\"elementor-widget-wrap elementor-element-populated\">\n\t\t\t\t\t\t<div class=\"elementor-element elementor-element-9a32bca elementor-widget elementor-widget-aux_modern_heading\" data-id=\"9a32bca\" data-element_type=\"widget\" data-e-type=\"widget\" data-widget_type=\"aux_modern_heading.default\">\n\t\t\t\t<div class=\"elementor-widget-container\">\n\t\t\t\t\t<section class=\"aux-widget-modern-heading\">\n            <div class=\"aux-widget-inner\"><h2 class=\"aux-modern-heading-primary\">Imagine une rel\u00e8ve entrepreneuriale qu\u00e9b\u00e9coise forte<\/h2><div class=\"aux-modern-heading-divider\"><\/div><h3 class=\"aux-modern-heading-secondary\"><span class=\"aux-head-highlight\">Une mission. Outiller la rel\u00e8ve entrepreneuriale qu\u00e9b\u00e9coise.<\/span><\/h3><div class=\"aux-modern-heading-description\"><p>\u00a0<\/p><ul><li style=\"text-align: left\">Un \u00e9pisode de 30 min \u00e0 chaque deux semaines.<\/li><li style=\"text-align: left\">Un nouvel entrepreneur issu de la rel\u00e8ve par \u00e9pisode.<\/li><li>\u00a0<\/li><\/ul><p>Tout \u00e7a pour donner envie \u00e0 des jeunes de 16-24 ans de choisir le m\u00e9tier d'entrepreneur, d'avoir la confiance de prendre des risques et de prendre la chance de se lancer.<\/p><\/div><\/div>\n        <\/section>\t\t\t\t<\/div>\n\t\t\t\t<\/div>\n\t\t\t\t<div class=\"elementor-element elementor-element-cd999d7 elementor-widget__width-initial elementor-widget elementor-widget-image\" data-id=\"cd999d7\" data-element_type=\"widget\" data-e-type=\"widget\" data-widget_type=\"image.default\">\n\t\t\t\t<div class=\"elementor-widget-container\">\n\t\t\t\t\t\t\t\t\t\t\t\t\t\t\t\t<a href=\"https:\/\/podcasts.google.com\/feed\/aHR0cHM6Ly9mZWVkLnBvZGJlYW4uY29tL25lcG91cnVuZ3Jvc3BhaW4vZmVlZC54bWw?sa=X&#038;ved=0CAMQ4aUDahcKEwjQrNChrbf1AhUAAAAAHQAAAAAQAQ\" target=\"_blank\">\n\t\t\t\t\t\t\t<img decoding=\"async\" src=\"https:\/\/machiavel.com\/wp-content\/uploads\/2022\/01\/EcoutersurGooglePodcasts-min.png\" title=\"\" alt=\"\" loading=\"lazy\" \/>\t\t\t\t\t\t\t\t<\/a>\n\t\t\t\t\t\t\t\t\t\t\t\t\t\t\t<\/div>\n\t\t\t\t<\/div>\n\t\t\t\t<div class=\"elementor-element elementor-element-bf3407c elementor-widget__width-initial elementor-widget elementor-widget-image\" data-id=\"bf3407c\" data-element_type=\"widget\" data-e-type=\"widget\" data-widget_type=\"image.default\">\n\t\t\t\t<div class=\"elementor-widget-container\">\n\t\t\t\t\t\t\t\t\t\t\t\t\t\t\t\t<a href=\"https:\/\/open.spotify.com\/show\/6H4grvHaXxnSKWNrcpmbsW\" target=\"_blank\">\n\t\t\t\t\t\t\t<img decoding=\"async\" src=\"https:\/\/machiavel.com\/wp-content\/uploads\/2022\/01\/EcouterSurSpotify-min.png\" title=\"\" alt=\"\" loading=\"lazy\" \/>\t\t\t\t\t\t\t\t<\/a>\n\t\t\t\t\t\t\t\t\t\t\t\t\t\t\t<\/div>\n\t\t\t\t<\/div>\n\t\t\t\t<div class=\"elementor-element elementor-element-369f840 elementor-widget__width-initial elementor-widget elementor-widget-image\" data-id=\"369f840\" data-element_type=\"widget\" data-e-type=\"widget\" data-widget_type=\"image.default\">\n\t\t\t\t<div class=\"elementor-widget-container\">\n\t\t\t\t\t\t\t\t\t\t\t\t\t\t\t\t<a href=\"https:\/\/podcasts.apple.com\/ca\/podcast\/n%C3%A9-pour-un-gros-pain\/id1530707065\" target=\"_blank\">\n\t\t\t\t\t\t\t<img decoding=\"async\" src=\"https:\/\/machiavel.com\/wp-content\/uploads\/2022\/01\/EcoutersurApplePodcasts-min.png\" title=\"\" alt=\"\" loading=\"lazy\" \/>\t\t\t\t\t\t\t\t<\/a>\n\t\t\t\t\t\t\t\t\t\t\t\t\t\t\t<\/div>\n\t\t\t\t<\/div>\n\t\t\t\t\t<\/div>\n\t\t<\/div>\n\t\t\t\t<div class=\"aux-parallax-section elementor-column elementor-col-33 elementor-top-column elementor-element elementor-element-3177c5c\" data-id=\"3177c5c\" data-element_type=\"column\" data-e-type=\"column\">\n\t\t\t<div class=\"elementor-widget-wrap elementor-element-populated\">\n\t\t\t\t\t\t<div class=\"elementor-element elementor-element-96ce790 elementor-widget elementor-widget-image\" data-id=\"96ce790\" data-element_type=\"widget\" data-e-type=\"widget\" data-widget_type=\"image.default\">\n\t\t\t\t<div class=\"elementor-widget-container\">\n\t\t\t\t\t\t\t\t\t\t\t\t\t\t\t<img fetchpriority=\"high\" decoding=\"async\" width=\"1200\" height=\"800\" src=\"https:\/\/machiavel.com\/wp-content\/uploads\/2024\/07\/placeholder-18.png\" class=\"attachment-full size-full wp-image-21259\" alt=\"\" srcset=\"https:\/\/machiavel.com\/wp-content\/uploads\/2024\/07\/placeholder-18.png 1200w, https:\/\/machiavel.com\/wp-content\/uploads\/2024\/07\/placeholder-18-150x100.png 150w\" sizes=\"(max-width: 1200px) 100vw, 1200px\" \/>\t\t\t\t\t\t\t\t\t\t\t\t\t\t\t<\/div>\n\t\t\t\t<\/div>\n\t\t\t\t\t<\/div>\n\t\t<\/div>\n\t\t\t\t\t<\/div>\n\t\t<\/section>\n\t\t\t\t<\/div>\n\t\t","protected":false},"excerpt":{"rendered":"<p>[rev_slider alias=&#8221;cover-neon-1&#8243; slidertitle=&#8221;Cover n\u00e9on proto&#8221;][\/rev_slider] Imagine a strong new generation of Quebec entrepreneurs Our mission. Equipping Quebec&#8217;s next generation of entrepreneurs. A 30-minute episode every two weeks. One new entrepreneur per episode. The aim is to encourage 16-24 year olds to choose the entrepreneurial profession, to have the confidence to take risks and to take [&hellip;]<\/p>\n","protected":false},"author":1,"featured_media":0,"parent":0,"menu_order":0,"comment_status":"closed","ping_status":"closed","template":"","meta":{"_eb_attr":"","footnotes":""},"categories":[],"tags":[],"class_list":["post-23447","page","type-page","status-publish","hentry"],"_links":{"self":[{"href":"https:\/\/machiavel.com\/en\/wp-json\/wp\/v2\/pages\/23447","targetHints":{"allow":["GET"]}}],"collection":[{"href":"https:\/\/machiavel.com\/en\/wp-json\/wp\/v2\/pages"}],"about":[{"href":"https:\/\/machiavel.com\/en\/wp-json\/wp\/v2\/types\/page"}],"author":[{"embeddable":true,"href":"https:\/\/machiavel.com\/en\/wp-json\/wp\/v2\/users\/1"}],"replies":[{"embeddable":true,"href":"https:\/\/machiavel.com\/en\/wp-json\/wp\/v2\/comments?post=23447"}],"version-history":[{"count":0,"href":"https:\/\/machiavel.com\/en\/wp-json\/wp\/v2\/pages\/23447\/revisions"}],"wp:attachment":[{"href":"https:\/\/machiavel.com\/en\/wp-json\/wp\/v2\/media?parent=23447"}],"wp:term":[{"taxonomy":"category","embeddable":true,"href":"https:\/\/machiavel.com\/en\/wp-json\/wp\/v2\/categories?post=23447"},{"taxonomy":"post_tag","embeddable":true,"href":"https:\/\/machiavel.com\/en\/wp-json\/wp\/v2\/tags?post=23447"}],"curies":[{"name":"wp","href":"https:\/\/api.w.org\/{rel}","templated":true}]}}